{"id":59,"date":"2021-01-25T10:34:00","date_gmt":"2021-01-25T09:34:00","guid":{"rendered":"https:\/\/wodociagigk.pl\/?page_id=59"},"modified":"2022-12-20T10:30:25","modified_gmt":"2022-12-20T09:30:25","slug":"rodo","status":"publish","type":"page","link":"https:\/\/wodociagigk.pl\/?page_id=59","title":{"rendered":"Rodo"},"content":{"rendered":"\n<p class=\"has-text-align-center\">Obowi\u0105zki Inspektora Ochrony Danych Osobowych w sp\u00f3\u0142ce \u201cWodoci\u0105gi Gminy K\u0142odzko\u201d sp. z o. o. pe\u0142ni Biuro Obs\u0142ugi Kadrowej i BHP Tomasz Koptyra, z siedzib\u0105 w 57-300 K\u0142odzko, ul. Okrzei 26\/Ia1, reprezentowane przez Tomasza Koptyr\u0119<\/p>\n\n\n\n<p class=\"has-text-align-center\">e-mail: <a href=\"mailto:iod@koptyra.pl\">iod@koptyra.pl<\/a><\/p>\n\n\n\n<p><\/p>\n\n\n\n<p class=\"has-text-align-center\"><strong>tel. 602 137 897<\/strong><\/p>\n\n\n\n<p><a href=\"https:\/\/wodociagigk.pl\/wp-content\/uploads\/2022\/12\/Klauzula-informacyjna-Wodociagi-Gminy-Klodzko-sp.-z-o.pdf\" data-type=\"URL\" data-id=\"https:\/\/wodociagigk.pl\/wp-content\/uploads\/2022\/12\/Klauzula-informacyjna-Wodociagi-Gminy-Klodzko-sp.-z-o.pdf\">Szczeg\u00f3\u0142owa informacja, nt. sposobu przetwarzania Pa\u0144stwa danych przez nasz\u0105 sp\u00f3\u0142k\u0119<\/a><\/p>\n\n\n\n<p><\/p>\n","protected":false},"excerpt":{"rendered":"<p>Obowi\u0105zki Inspektora Ochrony Danych Osobowych w sp\u00f3\u0142ce \u201cWodoci\u0105gi Gminy K\u0142odzko\u201d sp. z o. o. pe\u0142ni Biuro Obs\u0142ugi Kadrowej i BHP Tomasz Koptyra, z siedzib\u0105 w 57-300 K\u0142odzko, ul. Okrzei 26\/Ia1, reprezentowane przez Tomasza Koptyr\u0119 e-mail: iod@koptyra.pl tel. 602 137 897 &hellip; <a href=\"https:\/\/wodociagigk.pl\/?page_id=59\">Czytaj dalej <span class=\"meta-nav\">&rarr;<\/span><\/a><\/p>\n","protected":false},"author":1,"featured_media":0,"parent":0,"menu_order":0,"comment_status":"closed","ping_status":"closed","template":"","meta":{"footnotes":""},"class_list":["post-59","page","type-page","status-publish","hentry"],"_links":{"self":[{"href":"https:\/\/wodociagigk.pl\/index.php?rest_route=\/wp\/v2\/pages\/59","targetHints":{"allow":["GET"]}}],"collection":[{"href":"https:\/\/wodociagigk.pl\/index.php?rest_route=\/wp\/v2\/pages"}],"about":[{"href":"https:\/\/wodociagigk.pl\/index.php?rest_route=\/wp\/v2\/types\/page"}],"author":[{"embeddable":true,"href":"https:\/\/wodociagigk.pl\/index.php?rest_route=\/wp\/v2\/users\/1"}],"replies":[{"embeddable":true,"href":"https:\/\/wodociagigk.pl\/index.php?rest_route=%2Fwp%2Fv2%2Fcomments&post=59"}],"version-history":[{"count":6,"href":"https:\/\/wodociagigk.pl\/index.php?rest_route=\/wp\/v2\/pages\/59\/revisions"}],"predecessor-version":[{"id":341,"href":"https:\/\/wodociagigk.pl\/index.php?rest_route=\/wp\/v2\/pages\/59\/revisions\/341"}],"wp:attachment":[{"href":"https:\/\/wodociagigk.pl\/index.php?rest_route=%2Fwp%2Fv2%2Fmedia&parent=59"}],"curies":[{"name":"wp","href":"https:\/\/api.w.org\/{rel}","templated":true}]}}