{"id":106,"date":"2021-02-16T12:06:57","date_gmt":"2021-02-16T11:06:57","guid":{"rendered":"https:\/\/wodociagigk.pl\/?page_id=106"},"modified":"2022-12-20T11:43:29","modified_gmt":"2022-12-20T10:43:29","slug":"sprzedaz-i-kupno-nieruchomosci-lub-wynajem","status":"publish","type":"page","link":"https:\/\/wodociagigk.pl\/?page_id=106","title":{"rendered":"Sprzeda\u017c i kupno nieruchomo\u015bci lub wynajem"},"content":{"rendered":"\n<p>Odbiorca us\u0142ug zobowi\u0105zany jest w przypadku sprzeda\u017cy\/kupna nieruchomo\u015bci do poinformowania niezw\u0142ocznie o tym fakcie firm\u0119 \u201cWodoci\u0105gi Gminy K\u0142odzko\u201d sp. z o. o. Zg\u0142oszenia nale\u017cy dokona\u0107 osobi\u015bcie w&nbsp;<strong>Biurze Obs\u0142ugi Klienta<\/strong>&nbsp;przedstawiaj\u0105c nast\u0119puj\u0105ce dokumenty:<\/p>\n\n\n\n<p><strong>Osoby fizyczne:<\/strong><\/p>\n\n\n\n<ul class=\"wp-block-list\">\n<li>dokument to\u017csamo\u015bci, aktualny dokument potwierdzaj\u0105cy tytu\u0142 prawny do nieruchomo\u015bci np.: wypis z ksi\u0119gi wieczystej, odpis aktu notarialnego, umowa najmu, dzier\u017cawy, wypis z rejestru grunt\u00f3w, &nbsp; postanowienie s\u0105du;<\/li>\n\n\n\n<li>protok\u00f3\u0142 zdawczo-odbiorczy ze stanami wodomierzy na dzie\u0144 przej\u0119cia\/przekazania nieruchomo\u015bci <strong><mark style=\"background-color:rgba(0, 0, 0, 0)\" class=\"has-inline-color has-red-color\"><a href=\"https:\/\/wodociagigk.pl\/wp-content\/uploads\/2022\/12\/Protokol-zdawczo-odbiorczy-wodomierza.pdf\">TUTAJ<\/a><\/mark><\/strong><\/li>\n<\/ul>\n\n\n\n<p><strong>Osoby fizyczne prowadz\u0105ce dzia\u0142alno\u015b\u0107 gospodarcz\u0105:<\/strong><\/p>\n\n\n\n<ul class=\"wp-block-list\">\n<li>dokument to\u017csamo\u015bci, aktualny dokument potwierdzaj\u0105cy tytu\u0142 prawny do nieruchomo\u015bci np.: wypis z ksi\u0119gi wieczystej, odpis aktu notarialnego, umowa najmu, dzier\u017cawy wypis z rejestru grunt\u00f3w, postanowienie s\u0105du, itp.;<\/li>\n\n\n\n<li>protok\u00f3\u0142 zdawczo-odbiorczy ze stanami wodomierzy na dzie\u0144 przej\u0119cia\/przekazania nieruchomo\u015bci <strong><mark style=\"background-color:rgba(0, 0, 0, 0)\" class=\"has-inline-color has-red-color\"><a href=\"https:\/\/wodociagigk.pl\/wp-content\/uploads\/2022\/12\/Protokol-zdawczo-odbiorczy-wodomierza.pdf\">TUTAJ<\/a><\/mark><\/strong><\/li>\n\n\n\n<li>za\u015bwiadczenie o nadaniu nr REGON;<\/li>\n\n\n\n<li>decyzja o nadaniu NIP;<\/li>\n\n\n\n<li>za\u015bwiadczenia o wpisie do ewidencji dzia\u0142alno\u015bci gospodarczej lub wydruk z systemu Centralnej Ewidencji &nbsp;i Informacji o Dzia\u0142alno\u015bci Gospodarczej;<\/li>\n\n\n\n<li>aktualne pe\u0142nomocnictwo dla os\u00f3b podpisuj\u0105cych umow\u0119, je\u017celi osoby te nie s\u0105 w\u0142a\u015bcicielami nieruchomo\u015bci.<\/li>\n<\/ul>\n\n\n\n<p><strong>Osoby prawne (sp\u00f3\u0142ki akcyjne, sp\u00f3\u0142ki z ograniczon\u0105 odpowiedzialno\u015bci\u0105, instytucje &nbsp;pa\u0144stwowe, stowarzyszenia,&nbsp; itp.):<\/strong><\/p>\n\n\n\n<ul class=\"wp-block-list\">\n<li>aktualny dokument potwierdzaj\u0105cy tytu\u0142 prawny do nieruchomo\u015bci np.: wypis z ksi\u0119gi wieczystej, odpis aktu notarialnego, umowa najmu, dzier\u017cawy wypis z rejestru grunt\u00f3w, postanowienie s\u0105du, itp.;<\/li>\n\n\n\n<li>protok\u00f3\u0142 zdawczo-odbiorczy ze stanami wodomierzy na dzie\u0144 przej\u0119cia\/przekazania nieruchomo\u015bci <strong><mark style=\"background-color:rgba(0, 0, 0, 0)\" class=\"has-inline-color has-red-color\"><a href=\"https:\/\/wodociagigk.pl\/wp-content\/uploads\/2022\/12\/Protokol-zdawczo-odbiorczy-wodomierza.pdf\" data-type=\"URL\" data-id=\"https:\/\/wodociagigk.pl\/wp-content\/uploads\/2022\/12\/Protokol-zdawczo-odbiorczy-wodomierza.pdf\">TUTAJ<\/a><\/mark><\/strong><\/li>\n\n\n\n<li>aktualny wypis z w\u0142a\u015bciwego rejestru;<\/li>\n\n\n\n<li>za\u015bwiadczenie o nadaniu nr REGON;<\/li>\n\n\n\n<li>decyzja o nadaniu NIP;<\/li>\n\n\n\n<li>do wgl\u0105du dokument potwierdzaj\u0105cy to\u017csamo\u015b\u0107&nbsp; lub aktualne pe\u0142nomocnictwo dla os\u00f3b podpisuj\u0105cych umow\u0119, je\u017celi osoby te nie s\u0105 wymienione we w\u0142a\u015bciwym rejestrze.<\/li>\n<\/ul>\n\n\n\n<p><strong>Wsp\u00f3lnoty Mieszkaniowe:<\/strong><\/p>\n\n\n\n<ul class=\"wp-block-list\">\n<li>za\u015bwiadczenie o nadaniu nr REGON;<\/li>\n\n\n\n<li>decyzja o nadaniu NIP;<\/li>\n\n\n\n<li>uchwa\u0142a o wyborze Zarz\u0105du Wsp\u00f3lnoty<\/li>\n\n\n\n<li>pe\u0142nomocnictwo dla Zarz\u0105dcy (administratora) do zawarcia umowy na zaopatrzenie w wod\u0119 i\/lub&nbsp;odprowadzanie \u015bciek\u00f3w b\u0105d\u017a umowa o powierzeniu administrowania budynkiem, je\u017celi umowa na zaopatrzenie w wod\u0119 i\/lub odprowadzanie \u015bciek\u00f3w nie b\u0119dzie podpisywana przez Zarz\u0105d Wsp\u00f3lnoty (w pe\u0142nomocnictwie lub umowie o powierzeniu administrowania powinno znale\u017a\u0107 si\u0119 wyra\u017ane stwierdzenie, \u017ce administrator \u2013 jako&nbsp;reprezentant Wsp\u00f3lnoty jest upowa\u017cniony do podpisania umowy ze Sp\u00f3\u0142k\u0105);<\/li>\n\n\n\n<li>aktualny wypis z w\u0142a\u015bciwego rejestru lub za\u015bwiadczenie o prowadzeniu dzia\u0142alno\u015bci gospodarczej albo umow\u0119 sp\u00f3\u0142ki (w przypadku sp\u00f3\u0142ki prawa cywilnego) oraz decyzj\u0119 o nadaniu nr NIP i nr REGON osoby prawnej lub osoby fizycznej, kt\u00f3r\u0105 Wsp\u00f3lnota wybra\u0142a jako Zarz\u0105d Wsp\u00f3lnoty lub jako administratora do podpisania umowy.<\/li>\n<\/ul>\n\n\n\n<p><strong><span style=\"color:#f80509\" class=\"has-inline-color\">UWAGA!<\/span><\/strong><\/p>\n\n\n\n<p><strong><span style=\"color:#ff0004\" class=\"has-inline-color\">Przed zawarciem umowy kupna\/najmu nieruchomo\u015bci kupuj\u0105cy\/najemca powinien upewni\u0107 si\u0119, czy sprzedaj\u0105cy\/wynajmuj\u0105cy rozliczy\u0142 si\u0119 z \u201eWodoci\u0105gami Gminy K\u0142odzko\u201d sp. z o.o. w zakresie dostaw wody i\/lub odbioru \u015bciek\u00f3w.<\/span><\/strong><\/p>\n\n\n\n<p><strong><mark style=\"background-color:rgba(0, 0, 0, 0);color:#fc0307\" class=\"has-inline-color\">Obowi\u0105zkiem Sprzedaj\u0105cego\/wynajmuj\u0105cego nieruchomo\u015b\u0107 jest dope\u0142nienie obowi\u0105zku rozwi\u0105zania umowy oraz rozliczenia kartoteki.<\/mark><\/strong> <a href=\"https:\/\/wodociagigk.pl\/wp-content\/uploads\/2022\/12\/Rozwiazanie-umowy.pdf\" data-type=\"URL\" data-id=\"https:\/\/wodociagigk.pl\/wp-content\/uploads\/2022\/12\/Rozwiazanie-umowy.pdf\">Wz\u00f3r wniosku o rozwi\u0105zanie umowy <\/a><\/p>\n","protected":false},"excerpt":{"rendered":"<p>Odbiorca us\u0142ug zobowi\u0105zany jest w przypadku sprzeda\u017cy\/kupna nieruchomo\u015bci do poinformowania niezw\u0142ocznie o tym fakcie firm\u0119 \u201cWodoci\u0105gi Gminy K\u0142odzko\u201d sp. z o. o. Zg\u0142oszenia nale\u017cy dokona\u0107 osobi\u015bcie w&nbsp;Biurze Obs\u0142ugi Klienta&nbsp;przedstawiaj\u0105c nast\u0119puj\u0105ce dokumenty: Osoby fizyczne: Osoby fizyczne prowadz\u0105ce dzia\u0142alno\u015b\u0107 gospodarcz\u0105: Osoby prawne &hellip; <a href=\"https:\/\/wodociagigk.pl\/?page_id=106\">Czytaj dalej <span class=\"meta-nav\">&rarr;<\/span><\/a><\/p>\n","protected":false},"author":2,"featured_media":0,"parent":0,"menu_order":0,"comment_status":"closed","ping_status":"closed","template":"","meta":{"footnotes":""},"class_list":["post-106","page","type-page","status-publish","hentry"],"_links":{"self":[{"href":"https:\/\/wodociagigk.pl\/index.php?rest_route=\/wp\/v2\/pages\/106","targetHints":{"allow":["GET"]}}],"collection":[{"href":"https:\/\/wodociagigk.pl\/index.php?rest_route=\/wp\/v2\/pages"}],"about":[{"href":"https:\/\/wodociagigk.pl\/index.php?rest_route=\/wp\/v2\/types\/page"}],"author":[{"embeddable":true,"href":"https:\/\/wodociagigk.pl\/index.php?rest_route=\/wp\/v2\/users\/2"}],"replies":[{"embeddable":true,"href":"https:\/\/wodociagigk.pl\/index.php?rest_route=%2Fwp%2Fv2%2Fcomments&post=106"}],"version-history":[{"count":5,"href":"https:\/\/wodociagigk.pl\/index.php?rest_route=\/wp\/v2\/pages\/106\/revisions"}],"predecessor-version":[{"id":332,"href":"https:\/\/wodociagigk.pl\/index.php?rest_route=\/wp\/v2\/pages\/106\/revisions\/332"}],"wp:attachment":[{"href":"https:\/\/wodociagigk.pl\/index.php?rest_route=%2Fwp%2Fv2%2Fmedia&parent=106"}],"curies":[{"name":"wp","href":"https:\/\/api.w.org\/{rel}","templated":true}]}}